{"id":682,"date":"2024-02-08T10:57:33","date_gmt":"2024-02-08T13:57:33","guid":{"rendered":"https:\/\/ifsertaope.edu.br\/petrolina\/?page_id=682"},"modified":"2024-04-04T09:15:36","modified_gmt":"2024-04-04T12:15:36","slug":"int-dec-edu-esc-ind-qui","status":"publish","type":"page","link":"https:\/\/ifsertaope.edu.br\/petrolina\/cursos\/pos-graduacao\/int-dec-edu-esc-ind-qui\/","title":{"rendered":"Interculturalidade e Decolonialidade na Educa\u00e7\u00e3o Escolar Ind\u00edgena e Quilombola"},"content":{"rendered":"\n<p><img loading=\"lazy\" decoding=\"async\" class=\"lazyload alignnone wp-image-496 size-full\" alt=\"\" width=\"1181\" height=\"449\" data-sizes=\"auto\" data-src=\"https:\/\/ifsertaope.edu.br\/floresta\/wp-content\/uploads\/sites\/3\/2024\/03\/Curso_de_Especializao_-_Interculturalidade_e_Deocolonialidade_-_cabealho_site-66fb713bdc9e4dbc9368092b5e098185.jpg\"><\/p>\n<p><strong>Perfil<\/strong><\/p>\n<p>Formar profissionais de educa&ccedil;&atilde;o especializadas\/os nas express&otilde;es da Interculturalidade e&nbsp;Decolonialidade no &acirc;mbito da Educa&ccedil;&atilde;o Escolar Ind&iacute;gena e Quilombola, o que contribuir&aacute; na&nbsp;supera&ccedil;&atilde;o de um dos mais duros desafios democr&aacute;ticos apresentados &agrave; pol&iacute;ticas p&uacute;blicas de&nbsp;educa&ccedil;&atilde;o nesta regi&atilde;o, a saber, a invisibilidade de sua ampla diversidade &eacute;tnico-cultural e&nbsp;racial, efeito da injusti&ccedil;a cognitiva e curricular que caracteriza a hist&oacute;ria das rela&ccedil;&otilde;es entre o&nbsp;Estado nacional e estes grupos sociais neste territ&oacute;rio.<\/p>\n<p><strong>Informa&ccedil;&otilde;es gerais<\/strong><\/p>\n<ul>\n<li>Modalidade: Semipresencial<\/li>\n<li>Percentual de Carga hor&aacute;ria: 70% EaD e 30% Presencial<\/li>\n<li>N&uacute;mero Total de Vagas: 20 vagas<\/li>\n<li>Per&iacute;odo M&iacute;nimo de Integraliza&ccedil;&atilde;o: 24 meses<\/li>\n<li>Per&iacute;odo M&aacute;ximo de Integraliza&ccedil;&atilde;o: &ndash;<\/li>\n<\/ul>\n<p><strong>Organiza&ccedil;&atilde;o curricular<\/strong><\/p>\n<ul>\n<li>Carga Hor&aacute;ria M&iacute;nima de Integraliza&ccedil;&atilde;o: 480 horas (300 horas a dist&acirc;ncia e 180 horas presenciais)<\/li>\n<li>Disciplinas Obrigat&oacute;rias: 180 horas<\/li>\n<li>Disciplinas Eletivas: 90 horas<\/li>\n<li>Trabalho de Conclus&atilde;o de Curso: 30 horas<\/li>\n<\/ul>\n<p><strong>Forma de ingresso<\/strong><\/p>\n<ul>\n<li>O processo seletivo para ingresso no curso ocorre por meio de edital espec&iacute;fico, publicado anualmente.<\/li>\n<li>As vagas do curso est&atilde;o preferencialmente destinadas a trabalhadoras e trabalhadores da Educa&ccedil;&atilde;o Escolar Ind&iacute;gena e Quilombola do Estado de Pernambuco, aos quais se reservam 16 das 20 vagas abertas em cada n&uacute;cleo local de oferta (8 para ind&iacute;genas e 8 para quilombolas). As 4 vagas restantes em cada n&uacute;cleo local de oferta poder&atilde;o ser concorridas por quaisquer pessoas interessadas e que preencham os pr&eacute;-requisitos de candidatura apresentados no edital de ingresso. No entanto, em circunst&acirc;ncias nas quais o grupo das candidaturas ind&iacute;genas e quilombolas n&atilde;o alcance o n&uacute;mero total de vagas preferenciais, as restantes devem ser abertas para o grupo das demais candidaturas, obedecendo-se sua ordem interna de pontua&ccedil;&otilde;es.<\/li>\n<\/ul>\n<p><strong>Coordena&ccedil;&atilde;o<\/strong> | <a href=\"mailto:intercult@ifsertao-pe.edu.br\">intercult@ifsertao-pe.edu.br<\/a><\/p>\n<ul>\n<li>Coordenador(a):<\/li>\n<\/ul>\n<p><strong>Mais informa&ccedil;&otilde;es<\/strong><\/p>\n<p><a style=\"display:none;\" class=\"collapse-text\" id=\"te574388950\" href=\"javascript:expand('#te574388950')\">Linhas de Pesquisa<\/a>\n<\/p><div class=\"te_div\" id=\"te574388950\"><script language=\"JavaScript\" type=\"text\/javascript\">expander_hide('#te574388950');<\/script>\n<ul>\n<li>Interculturalidade<\/li>\n<li>Decolonialidade<\/li>\n<li>Educa&ccedil;&atilde;o Escolar Ind&iacute;gena e Quilombola<\/li>\n<\/ul>\n<p><\/p><\/div>\n<p><a style=\"display:none;\" class=\"collapse-text\" id=\"te1133814385\" href=\"javascript:expand('#te1133814385')\">Grupos de Pesquisa<\/a>\n<\/p><div class=\"te_div\" id=\"te1133814385\"><script language=\"JavaScript\" type=\"text\/javascript\">expander_hide('#te1133814385');<\/script>\n<ul>\n<li><a href=\"http:\/\/dgp.cnpq.br\/dgp\/espelhogrupo\/4428690626440320\">Grupo de Estudos e Pesquisas em Educa&ccedil;&atilde;o, Cultura e Pol&iacute;tica (Habitus)<\/a><\/li>\n<li><a href=\"http:\/\/dgp.cnpq.br\/dgp\/espelhogrupo\/785560\">Grupo de Pesquisa e Estudo Cultura, Mem&oacute;ria e Educa&ccedil;&atilde;o na Sociedade Sertaneja (Grupec\/Sert&atilde;o)<\/a><\/li>\n<\/ul>\n<p><\/p><\/div>\n<p><a style=\"display:none;\" class=\"collapse-text\" id=\"te183001488\" href=\"javascript:expand('#te183001488')\">Quadro docente<\/a>\n<\/p><div class=\"te_div\" id=\"te183001488\"><script language=\"JavaScript\" type=\"text\/javascript\">expander_hide('#te183001488');<\/script>\n<p><strong>Corpo docente permanente<\/strong><\/p>\n<ul>\n<li>Ana Patr&iacute;cia Frederico Silva&nbsp;&ndash; Doutorado &ndash;&nbsp;Campus&nbsp;Petrolina<\/li>\n<li>Bartolomeu Lins de Barros J&uacute;nior&nbsp;&ndash; Doutorado &ndash;&nbsp;Campus&nbsp;Petrolina<\/li>\n<li>C&iacute;cero Barboza Nunes&nbsp;&ndash; Doutorado&nbsp;&ndash;&nbsp;Campus&nbsp;Salgueiro<\/li>\n<li>Ediv&acirc;nia Granja da S. Oliveira&nbsp;&ndash; Doutorado&nbsp;Campus&nbsp;Petrolina<\/li>\n<li>Eduardo Barbosa Vergolino&nbsp;&ndash; Mestrado&nbsp;&ndash;&nbsp;Campus&nbsp;Floresta<\/li>\n<li>Fabiana Rodrigues Dantas&nbsp;&ndash; Doutorado&nbsp;&ndash; Campus Floresta<\/li>\n<li>Francisco Kelsen de Oliveira&nbsp;&ndash; Doutorado&nbsp;&ndash;&nbsp;Campus&nbsp;Salgueiro<\/li>\n<li>Herlon Alves Bezerra&nbsp;&ndash; Doutorado&nbsp;&ndash;&nbsp;Campus&nbsp;Petrolina<\/li>\n<li>Jackson Barbosa da Costa&nbsp;&ndash; Mestrado&nbsp;&ndash;&nbsp;Campus&nbsp;Petrolina<\/li>\n<li>Jos&eacute; Aldo Ribeiro da Silva&nbsp;&ndash; Mestrado &ndash;&nbsp;Campus&nbsp;Floresta<\/li>\n<li>Juliano Varela de Oliveira&nbsp;&ndash; Doutorado &ndash;&nbsp;Campus&nbsp;Petrolina<\/li>\n<li>M&aacute;rcia Farias de Oliveira e S&aacute;&nbsp;&ndash; Mestrado&nbsp;&ndash;&nbsp;Campus&nbsp;Salgueiro<\/li>\n<li>Maria Clara de Sousa Tavares&nbsp;&ndash; Mestrado&nbsp;&ndash;&nbsp;Campus&nbsp;Santa Maria da Boa Vista<\/li>\n<li>Marilia Passos Apoliano Gomes&nbsp;&ndash; Doutorado&nbsp;&ndash; Campus Floresta<\/li>\n<li>Vitor Prates Lorenzo&nbsp;&ndash; Doutorado&nbsp;&ndash;&nbsp;Campus&nbsp;Petrolina Zona Rural<\/li>\n<li>Walfrido Cabral Claudino&nbsp;&ndash; Mestrado&nbsp;&ndash;&nbsp;Campus&nbsp;Salgueiro<\/li>\n<\/ul>\n<p><strong>Corpo docente convidado<\/strong><\/p>\n<ul>\n<li>Allan Di&ecirc;go R. Figueiredo&nbsp;&ndash; Mestrado<\/li>\n<li>Ant&ocirc;nio Jo&atilde;o Mendes&nbsp;&ndash; Esp. Conaq<\/li>\n<li>Caroline Farias L. Mendon&ccedil;a&nbsp;&ndash; Doutorado Unilab<\/li>\n<li>Clarissa de O. G. M. Cunha&nbsp;&ndash; Doutorado UPE Garanhuns<\/li>\n<li>Edilene Bezerra Paje&uacute;&nbsp;&ndash; Especializa&ccedil;&atilde;o<\/li>\n<li>Edson Hely Silva Doutorado&nbsp;&ndash;&nbsp; UFPE<\/li>\n<li>Eliana de Barros Monteiro&nbsp;&ndash; Doutorado Univasf Petrolina<\/li>\n<li>Eliene Amorim de Almeida&nbsp;&ndash;&nbsp; Doutorado Fafire<\/li>\n<li>Elisa Urbano Ramos&nbsp;&ndash;&nbsp; Mestrado<\/li>\n<li>Fabiana Ana da Silva&nbsp;&ndash;&nbsp; Esp.&nbsp;Campus&nbsp;Floresta<\/li>\n<li>Giv&acirc;nia Maria da Silva&nbsp;&ndash; Mestrado CEERT<\/li>\n<li>Guilherme A.M. Magalh&atilde;es&nbsp;&ndash;&nbsp; Especaliza&ccedil;&atilde;o<\/li>\n<li>Ita Porto de Oliveira&nbsp;&ndash;&nbsp; Esp. Diaconia<\/li>\n<li>Jana&iacute;na Freire dos Santos&nbsp;&ndash; Doutorado Iaupe<\/li>\n<li>Jeferson da Silva Pereira&nbsp;&ndash; Esp.<\/li>\n<li>Jo&atilde;o Aparecido dos S. Oliveira&nbsp;&ndash; Esp.<\/li>\n<li>Jos&eacute; Ferreira J&uacute;nior&nbsp;&ndash;&nbsp; Doutorado Aeset<\/li>\n<li>Leandro de Proen&ccedil;a Lopes&nbsp;&ndash;&nbsp; Doutorado Unilab<\/li>\n<li>M&aacute;rcia Jucilene do Nascimento&nbsp;&ndash; Mestrado SEE-PE<\/li>\n<li>Maria da Penha da Silva&nbsp;&ndash; Mestrado SME-Recife<\/li>\n<li>Maria Diva da Silva Rodrigues&nbsp;&ndash; Mestrado<\/li>\n<li>Maria Luciete L. Nascimento&nbsp;&ndash; Esp.<\/li>\n<li>Maria Roseane C. de Oliveira&nbsp;&ndash; Mestrado SEE-PE<\/li>\n<li>Maur&iacute;cio de Siqueira Silva&nbsp;&ndash; Mestrado<\/li>\n<li>Pedro Fernando dos Santos&nbsp;&ndash; Mestrado SEE-PE\/Fachusc<\/li>\n<li>Romero Antonio de A. Silva&nbsp;&ndash; Mestrado SEE-PE<\/li>\n<li>Rosane Freire Lacerda Doutorado&nbsp;&ndash; UFPE Caruaru<\/li>\n<li>Saulo Ferreira Feitosa Doutorado&nbsp;&mdash; UFPE Caruaru<\/li>\n<li>Valdemir Amaro Lisboa Mestrado&nbsp;&ndash; SEE-PE<\/li>\n<li>Vanessa Galindo Alves de Melo&nbsp;&ndash; Mestrado<\/li>\n<li>Whodson Robson da Silva&nbsp;&ndash; Mestrado<\/li>\n<\/ul>\n<p><\/p><\/div>\n<p><a style=\"display:none;\" class=\"collapse-text\" id=\"te1038656290\" href=\"javascript:expand('#te1038656290')\">Documentos<\/a>\n<\/p><div class=\"te_div\" id=\"te1038656290\"><script language=\"JavaScript\" type=\"text\/javascript\">expander_hide('#te1038656290');<\/script>\n<ul>\n<li><a href=\"https:\/\/ifsertaope.edu.br\/floresta\/wp-content\/uploads\/sites\/3\/2024\/03\/Ato-autorizativo-Projeto-Politico-Pedagogico.pdf\">Ato autorizativo \/ Projeto Pol&iacute;tico Pedag&oacute;gico<\/a><\/li>\n<li><a href=\"\/documentos\/resolucao-n-o-22-2014\/\">Resolu&ccedil;&atilde;o n.&ordm; 14\/2022<\/a><\/li>\n<\/ul>\n<p><\/p><\/div>\n\n    <ul class=\"crunchify-social\">\n        <li class=\"crunchify-social__item crunchify-social__item--first\"><span class=\"sr-only\">Compartilhar conte&uacute;do:<\/span><\/li>\n        <li class=\"crunchify-social__item\">\n            <a class=\"btn crunchify-social__link crunchify-social__link_facebook\" href=\"https:\/\/www.facebook.com\/sharer\/sharer.php?u=https%3A%2F%2Fifsertaope.edu.br%2Fpetrolina%2Fcursos%2Fpos-graduacao%2Fint-dec-edu-esc-ind-qui%2F\" target=\"_blank\" data-toggle=\"tooltip\" data-placement=\"bottom\" title=\"Compartilhe no Facebook\">\n                <svg aria-hidden=\"true\" role=\"img\" width=\"16\" height=\"16\" viewBox=\"0 0 24 24\" xmlns=\"http:\/\/www.w3.org\/2000\/svg\"><path d=\"M22.676 0H1.324C.593 0 0 .593 0 1.324v21.352C0 23.408.593 24 1.324 24h11.494v-9.294H9.689v-3.621h3.129V8.41c0-3.099 1.894-4.785 4.659-4.785 1.325 0 2.464.097 2.796.141v3.24h-1.921c-1.5 0-1.792.721-1.792 1.771v2.311h3.584l-.465 3.63H16.56V24h6.115c.733 0 1.325-.592 1.325-1.324V1.324C24 .593 23.408 0 22.676 0\"\/><\/svg>\n                <span class=\"sr-only\">Facebook<\/span>\n            <\/a>\n        <\/li>\n        <li class=\"crunchify-social__item\">\n            <a class=\"btn crunchify-social__link crunchify-social__link_twitter\" href=\"https:\/\/twitter.com\/intent\/tweet?text=Interculturalidade%20e%20Decolonialidade%20na%20Educa\u00e7\u00e3o%20Escolar%20Ind\u00edgena%20e%20Quilombola&amp;url=https%3A%2F%2Fifsertaope.edu.br%2Fpetrolina%2Fcursos%2Fpos-graduacao%2Fint-dec-edu-esc-ind-qui%2F\" target=\"_blank\" data-toggle=\"tooltip\" data-placement=\"bottom\" title=\"Compartilhe no Twitter\">\n                <svg aria-hidden=\"true\" role=\"img\" width=\"16\" height=\"16\" viewBox=\"0 0 24 24\" xmlns=\"http:\/\/www.w3.org\/2000\/svg\"><path d=\"M23.954 4.569c-.885.389-1.83.654-2.825.775 1.014-.611 1.794-1.574 2.163-2.723-.951.555-2.005.959-3.127 1.184-.896-.959-2.173-1.559-3.591-1.559-2.717 0-4.92 2.203-4.92 4.917 0 .39.045.765.127 1.124C7.691 8.094 4.066 6.13 1.64 3.161c-.427.722-.666 1.561-.666 2.475 0 1.71.87 3.213 2.188 4.096-.807-.026-1.566-.248-2.228-.616v.061c0 2.385 1.693 4.374 3.946 4.827-.413.111-.849.171-1.296.171-.314 0-.615-.03-.916-.086.631 1.953 2.445 3.377 4.604 3.417-1.68 1.319-3.809 2.105-6.102 2.105-.39 0-.779-.023-1.17-.067 2.189 1.394 4.768 2.209 7.557 2.209 9.054 0 13.999-7.496 13.999-13.986 0-.209 0-.42-.015-.63.961-.689 1.8-1.56 2.46-2.548l-.047-.02z\"\/><\/svg>\n                <span class=\"sr-only\">Twitter<\/span>\n            <\/a>\n        <\/li>\n        <li class=\"crunchify-social__item\">\n            <a class=\"btn crunchify-social__link crunchify-social__link_linkedin\" href=\"https:\/\/www.linkedin.com\/shareArticle?mini=true&url=https%3A%2F%2Fifsertaope.edu.br%2Fpetrolina%2Fcursos%2Fpos-graduacao%2Fint-dec-edu-esc-ind-qui%2F&amp;title=Interculturalidade%20e%20Decolonialidade%20na%20Educa\u00e7\u00e3o%20Escolar%20Ind\u00edgena%20e%20Quilombola\" target=\"_blank\" data-toggle=\"tooltip\" data-placement=\"bottom\" title=\"Compartilhe no Linkedin\">\n                <svg aria-hidden=\"true\" role=\"img\" width=\"16\" height=\"16\" viewBox=\"0 0 24 24\" xmlns=\"http:\/\/www.w3.org\/2000\/svg\"><path d=\"M20.447 20.452h-3.554v-5.569c0-1.328-.027-3.037-1.852-3.037-1.853 0-2.136 1.445-2.136 2.939v5.667H9.351V9h3.414v1.561h.046c.477-.9 1.637-1.85 3.37-1.85 3.601 0 4.267 2.37 4.267 5.455v6.286zM5.337 7.433c-1.144 0-2.063-.926-2.063-2.065 0-1.138.92-2.063 2.063-2.063 1.14 0 2.064.925 2.064 2.063 0 1.139-.925 2.065-2.064 2.065zm1.782 13.019H3.555V9h3.564v11.452zM22.225 0H1.771C.792 0 0 .774 0 1.729v20.542C0 23.227.792 24 1.771 24h20.451C23.2 24 24 23.227 24 22.271V1.729C24 .774 23.2 0 22.222 0h.003z\"\/><\/svg>\n                <span class=\"sr-only\">LinkedIn<\/span>\n            <\/a>\n        <\/li>\n        <li class=\"crunchify-social__item\">\n            <a class=\"btn crunchify-social__link crunchify-social__link_pinterest\" href=\"https:\/\/pinterest.com\/pin\/create\/button\/?url=https%3A%2F%2Fifsertaope.edu.br%2Fpetrolina%2Fcursos%2Fpos-graduacao%2Fint-dec-edu-esc-ind-qui%2F&amp;media=&amp;description=Interculturalidade%20e%20Decolonialidade%20na%20Educa\u00e7\u00e3o%20Escolar%20Ind\u00edgena%20e%20Quilombola\" data-pin-custom=\"true\" target=\"_blank\" data-toggle=\"tooltip\" data-placement=\"bottom\" title=\"Compartilhe no Pinterest\">\n                <svg aria-hidden=\"true\" role=\"img\" width=\"16\" height=\"16\" viewBox=\"0 0 24 24\" xmlns=\"http:\/\/www.w3.org\/2000\/svg\"><path d=\"M12.017 0C5.396 0 .029 5.367.029 11.987c0 5.079 3.158 9.417 7.618 11.162-.105-.949-.199-2.403.041-3.439.219-.937 1.406-5.957 1.406-5.957s-.359-.72-.359-1.781c0-1.663.967-2.911 2.168-2.911 1.024 0 1.518.769 1.518 1.688 0 1.029-.653 2.567-.992 3.992-.285 1.193.6 2.165 1.775 2.165 2.128 0 3.768-2.245 3.768-5.487 0-2.861-2.063-4.869-5.008-4.869-3.41 0-5.409 2.562-5.409 5.199 0 1.033.394 2.143.889 2.741.099.12.112.225.085.345-.09.375-.293 1.199-.334 1.363-.053.225-.172.271-.401.165-1.495-.69-2.433-2.878-2.433-4.646 0-3.776 2.748-7.252 7.92-7.252 4.158 0 7.392 2.967 7.392 6.923 0 4.135-2.607 7.462-6.233 7.462-1.214 0-2.354-.629-2.758-1.379l-.749 2.848c-.269 1.045-1.004 2.352-1.498 3.146 1.123.345 2.306.535 3.55.535 6.607 0 11.985-5.365 11.985-11.987C23.97 5.39 18.592.026 11.985.026L12.017 0z\"\/><\/svg>\n                <span class=\"sr-only\">Pinterest<\/span>\n            <\/a>\n        <\/li>\n        <li class=\"crunchify-social__item\">\n            <a class=\"btn crunchify-social__link crunchify-social__link_whatsapp\" href=\"whatsapp:\/\/send?text=Interculturalidade%20e%20Decolonialidade%20na%20Educa\u00e7\u00e3o%20Escolar%20Ind\u00edgena%20e%20Quilombola https%3A%2F%2Fifsertaope.edu.br%2Fpetrolina%2Fcursos%2Fpos-graduacao%2Fint-dec-edu-esc-ind-qui%2F\" target=\"_blank\" data-toggle=\"tooltip\" data-placement=\"bottom\" title=\"Compartilhe no WhatsApp\">\n                <svg aria-hidden=\"true\" role=\"img\" width=\"16\" height=\"16\" viewBox=\"0 0 24 24\" xmlns=\"http:\/\/www.w3.org\/2000\/svg\"><path d=\"M17.498 14.382c-.301-.15-1.767-.867-2.04-.966-.273-.101-.473-.15-.673.15-.197.295-.771.964-.944 1.162-.175.195-.349.21-.646.075-.3-.15-1.263-.465-2.403-1.485-.888-.795-1.484-1.77-1.66-2.07-.174-.3-.019-.465.13-.615.136-.135.301-.345.451-.523.146-.181.194-.301.297-.496.1-.21.049-.375-.025-.524-.075-.15-.672-1.62-.922-2.206-.24-.584-.487-.51-.672-.51-.172-.015-.371-.015-.571-.015-.2 0-.523.074-.797.359-.273.3-1.045 1.02-1.045 2.475s1.07 2.865 1.219 3.075c.149.195 2.105 3.195 5.1 4.485.714.3 1.27.48 1.704.629.714.227 1.365.195 1.88.121.574-.091 1.767-.721 2.016-1.426.255-.705.255-1.29.18-1.425-.074-.135-.27-.21-.57-.345m-5.446 7.443h-.016c-1.77 0-3.524-.48-5.055-1.38l-.36-.214-3.75.975 1.005-3.645-.239-.375c-.99-1.576-1.516-3.391-1.516-5.26 0-5.445 4.455-9.885 9.942-9.885 2.654 0 5.145 1.035 7.021 2.91 1.875 1.859 2.909 4.35 2.909 6.99-.004 5.444-4.46 9.885-9.935 9.885M20.52 3.449C18.24 1.245 15.24 0 12.045 0 5.463 0 .104 5.334.101 11.893c0 2.096.549 4.14 1.595 5.945L0 24l6.335-1.652c1.746.943 3.71 1.444 5.71 1.447h.006c6.585 0 11.946-5.336 11.949-11.896 0-3.176-1.24-6.165-3.495-8.411\"\/><\/svg>\n                <span class=\"sr-only\">WhatsApp<\/span>\n            <\/a>\n        <\/li>\n    <\/ul>\n","protected":false},"excerpt":{"rendered":"<p>Perfil Formar profissionais de educa&ccedil;&atilde;o especializadas\/os nas express&otilde;es da Interculturalidade e&nbsp;Decolonialidade no &acirc;mbito da Educa&ccedil;&atilde;o Escolar Ind&iacute;gena e Quilombola, o que contribuir&aacute; na&nbsp;supera&ccedil;&atilde;o de um dos mais duros desafios democr&aacute;ticos apresentados &agrave; pol&iacute;ticas p&uacute;blicas de&nbsp;educa&ccedil;&atilde;o nesta regi&atilde;o, a saber, a invisibilidade de sua ampla diversidade &eacute;tnico-cultural e&nbsp;racial, efeito da injusti&ccedil;a cognitiva e curricular que caracteriza a hist&oacute;ria das rela&ccedil;&otilde;es entre&hellip;<\/p>\n","protected":false},"author":1,"featured_media":0,"parent":316,"menu_order":9,"comment_status":"closed","ping_status":"closed","template":"","meta":{"footnotes":""},"class_list":["post-682","page","type-page","status-publish","hentry"],"_links":{"self":[{"href":"https:\/\/ifsertaope.edu.br\/petrolina\/wp-json\/wp\/v2\/pages\/682","targetHints":{"allow":["GET"]}}],"collection":[{"href":"https:\/\/ifsertaope.edu.br\/petrolina\/wp-json\/wp\/v2\/pages"}],"about":[{"href":"https:\/\/ifsertaope.edu.br\/petrolina\/wp-json\/wp\/v2\/types\/page"}],"author":[{"embeddable":true,"href":"https:\/\/ifsertaope.edu.br\/petrolina\/wp-json\/wp\/v2\/users\/1"}],"replies":[{"embeddable":true,"href":"https:\/\/ifsertaope.edu.br\/petrolina\/wp-json\/wp\/v2\/comments?post=682"}],"version-history":[{"count":8,"href":"https:\/\/ifsertaope.edu.br\/petrolina\/wp-json\/wp\/v2\/pages\/682\/revisions"}],"predecessor-version":[{"id":1012,"href":"https:\/\/ifsertaope.edu.br\/petrolina\/wp-json\/wp\/v2\/pages\/682\/revisions\/1012"}],"up":[{"embeddable":true,"href":"https:\/\/ifsertaope.edu.br\/petrolina\/wp-json\/wp\/v2\/pages\/316"}],"wp:attachment":[{"href":"https:\/\/ifsertaope.edu.br\/petrolina\/wp-json\/wp\/v2\/media?parent=682"}],"curies":[{"name":"wp","href":"https:\/\/api.w.org\/{rel}","templated":true}]}}