{"id":341,"date":"2024-02-15T15:44:11","date_gmt":"2024-02-15T18:44:11","guid":{"rendered":"https:\/\/ifsertaope.edu.br\/salgueiro\/?page_id=341"},"modified":"2026-03-25T11:03:31","modified_gmt":"2026-03-25T14:03:31","slug":"profept","status":"publish","type":"page","link":"https:\/\/ifsertaope.edu.br\/salgueiro\/cursos\/pos-graduacao\/profept\/","title":{"rendered":"Educa\u00e7\u00e3o Profissional e Tecnol\u00f3gica (ProfEPT)"},"content":{"rendered":"\n<p><a href=\"https:\/\/profept.ifes.edu.br\/\"><img loading=\"lazy\" decoding=\"async\" class=\"lazyload alignnone wp-image-403 size-full\" alt=\"\" width=\"1181\" height=\"449\" srcset=\"\" sizes=\"auto, (max-width: 1181px) 100vw, 1181px\" data-sizes=\"auto\" data-src=\"https:\/\/ifsertaope.edu.br\/salgueiro\/wp-content\/uploads\/sites\/5\/2024\/03\/ProfEPT.jpeg\" data-srcset=\"https:\/\/ifsertaope.edu.br\/salgueiro\/wp-content\/uploads\/sites\/5\/2024\/03\/ProfEPT.jpeg 1181w, https:\/\/ifsertaope.edu.br\/salgueiro\/wp-content\/uploads\/sites\/5\/2024\/03\/ProfEPT-300x114.jpeg 300w, https:\/\/ifsertaope.edu.br\/salgueiro\/wp-content\/uploads\/sites\/5\/2024\/03\/ProfEPT-1024x389.jpeg 1024w\"><\/a><\/p>\n<p><strong>Perfil<\/strong><\/p>\n<p>O curso de p&oacute;s-gradua&ccedil;&atilde;o <em>stricto sensu<\/em> em <a href=\"https:\/\/profept.ifes.edu.br\/\">Educa&ccedil;&atilde;o Profissional e Tecnol&oacute;gica em Rede Nacional (ProfEPT)<\/a> destina-se a atender &agrave; necessidade de forma&ccedil;&atilde;o continuada, numa perspectiva interdisciplinar e em n&iacute;vel de mestrado, voltada para profissionais da Rede Federal de Educa&ccedil;&atilde;o Profissional e Tecnol&oacute;gica com vistas ao desenvolvimento de pesquisas que integrem os saberes pr&aacute;ticos inerentes ao mundo do trabalho ao conhecimento sistematizado e interdisciplinar, na perspectiva de contribuir com o desenvolvimento socioecon&ocirc;mico, cient&iacute;fico e cultural nas diversas regi&otilde;es do Brasil, contribuindo para o desenvolvimento da localidade na qual o curso est&aacute; inserido. O curso tem como objetivo desenvolver estudos e pesquisas de conhecimentos t&eacute;cnico-cient&iacute;ficos, compet&ecirc;ncias e habilidades relacionadas ao ensino, voltadas para a Educa&ccedil;&atilde;o Profissional e Tecnol&oacute;gica e proporcionar ao participante o aperfei&ccedil;oamento e aprofundamento de seu conhecimento te&oacute;rico, sua reflex&atilde;o cr&iacute;tica, articulando, gerando e\/ou adaptando conhecimentos e tecnologias adequadas para desenvolver solu&ccedil;&otilde;es que possam contribuir para a melhoria do ensino.<\/p>\n<p><strong>Informa&ccedil;&otilde;es gerais<\/strong><\/p>\n<ul>\n<li>Modalidade: Presencial<\/li>\n<li>N&uacute;mero Total de Vagas:<\/li>\n<li>Per&iacute;odo M&iacute;nimo de Integraliza&ccedil;&atilde;o: 18 meses<\/li>\n<li>Per&iacute;odo M&aacute;ximo de Integraliza&ccedil;&atilde;o: 30 meses<\/li>\n<\/ul>\n<p><strong>Organiza&ccedil;&atilde;o curricular<\/strong><\/p>\n<ul>\n<li>Carga Hor&aacute;ria M&iacute;nima de Integraliza&ccedil;&atilde;o: 480 horas<\/li>\n<li>Disciplinas Obrigat&oacute;rias: 240 horas<\/li>\n<li>Disciplinas Optativas: 90 horas<\/li>\n<li>Trabalho de Conclus&atilde;o de Curso: 150 horas<\/li>\n<\/ul>\n<p><strong>Forma de ingresso<\/strong><\/p>\n<ul>\n<li>O processo seletivo de discentes para o ProfEPT ocorre anualmente, por meio do Exame Nacional de Acesso (ENA). Para mais informa&ccedil;&otilde;es, consulte a <a href=\"https:\/\/profept.ifes.edu.br\/selecao\">p&aacute;gina do programa<\/a>.<\/li>\n<\/ul>\n<p><strong>Coordena&ccedil;&atilde;o e Secretaria<\/strong><\/p>\n<ul>\n<li><strong>Coordenador: <\/strong>Francisco Kelsen de Oliveira |&nbsp;<a href=\"mailto:francisco.oliveira@ifsertaope.edu.br\">francisco.oliveira@ifsertaope.edu.br<\/a><\/li>\n<li><strong>Vice-coordenadora<\/strong>: Cristiane Ayala de Oliveira | <a href=\"mailto:cristiane.ayala@ifsertao-pe.edu.br\">cristiane.ayala@ifsertao-pe.edu.br<\/a><\/li>\n<li><strong>Secret&aacute;ria<\/strong>: D&eacute;bora Garcia de Figueredo | <a href=\"mailto:profeptifsertaope@ifsertaope.edu.br\">profeptifsertaope@ifsertaope.edu.br<\/a><\/li>\n<\/ul>\n<p><strong>Mais informa&ccedil;&otilde;es<\/strong><\/p>\n<p><a style=\"display:none;\" class=\"collapse-text\" id=\"te899733702\" href=\"javascript:expand('#te899733702')\">Linhas de Pesquisa<\/a>\n<\/p><div class=\"te_div\" id=\"te899733702\"><script language=\"JavaScript\" type=\"text\/javascript\">expander_hide('#te899733702');<\/script>\n<ul>\n<li><strong>Pr&aacute;ticas Educativas em Educa&ccedil;&atilde;o Profissional e Tecnol&oacute;gica (EPT)<\/strong> &ndash; Trata dos fundamentos das pr&aacute;ticas educativas e do desenvolvimento curricular na Educa&ccedil;&atilde;o Profissional e Tecnol&oacute;gica, em suas diversas formas de oferta, com foco nas estrat&eacute;gias transversais e interdisciplinares, que possibilitem forma&ccedil;&atilde;o integral e significativa do estudante, sustentados no trabalho como princ&iacute;pio educativo e na pesquisa como princ&iacute;pio pedag&oacute;gico, em espa&ccedil;os formais e n&atilde;o formais. Considera, tamb&eacute;m, &agrave;s quest&otilde;es relacionadas &agrave; Educa&ccedil;&atilde;o de Jovens e Adultos, &agrave; Educa&ccedil;&atilde;o Ind&iacute;gena, &agrave; Educa&ccedil;&atilde;o e Rela&ccedil;&otilde;es &Eacute;tnico-raciais, &agrave; Educa&ccedil;&atilde;o Quilombola, &agrave; Educa&ccedil;&atilde;o do Campo, &agrave;s Quest&otilde;es de G&ecirc;nero e &agrave; Educa&ccedil;&atilde;o para Pessoas com Defici&ecirc;ncias (PCDs) e sua rela&ccedil;&atilde;o com as diversas pr&aacute;ticas do mundo do trabalho.<\/li>\n<li><strong>Organiza&ccedil;&atilde;o e Mem&oacute;rias de Espa&ccedil;os Pedag&oacute;gicos na Educa&ccedil;&atilde;o Profissional e Tecnol&oacute;gica (EPT)<\/strong> &ndash; Trata dos processos de concep&ccedil;&atilde;o e organiza&ccedil;&atilde;o do espa&ccedil;o pedag&oacute;gico na Educa&ccedil;&atilde;o Profissional e Tecnol&oacute;gica, com foco nas estrat&eacute;gias transversais e interdisciplinares, que possibilitem forma&ccedil;&atilde;o integral e significativa do estudante, sustentados no trabalho como princ&iacute;pio educativo e na pesquisa como princ&iacute;pio pedag&oacute;gico, em espa&ccedil;os formais e n&atilde;o formais. Considera, tamb&eacute;m, a constru&ccedil;&atilde;o temporal, atrav&eacute;s dos estudos de mem&oacute;ria da Educa&ccedil;&atilde;o Profissional e Tecnol&oacute;gica, que ao longo do tempo, vem configurando os processos de ensino e de organiza&ccedil;&atilde;o de seus espa&ccedil;os pedag&oacute;gicos.<\/li>\n<\/ul>\n<p><\/p><\/div>\n<p><a style=\"display:none;\" class=\"collapse-text\" id=\"te364595382\" href=\"javascript:expand('#te364595382')\">Grupos de Pesquisa<\/a>\n<\/p><div class=\"te_div\" id=\"te364595382\"><script language=\"JavaScript\" type=\"text\/javascript\">expander_hide('#te364595382');<\/script>\n<p>Os grupos de pesquisa vinculados aos docentes do colegiado do ProfEPT\/IFSert&atilde;oPE:<\/p>\n<ul>\n<li><a href=\"https:\/\/dgp.cnpq.br\/dgp\/espelhogrupo\/5599701304189913\">Alimentos: Ci&ecirc;ncia, Tecnologia e Minimiza&ccedil;&atilde;o de Res&iacute;duos<\/a><\/li>\n<li><a href=\"https:\/\/dgp.cnpq.br\/dgp\/espelhogrupo\/62247\">Grupo de Estudos e Pesquisas em Pr&aacute;ticas Educacionais Tecnol&oacute;gicas (GEPET)<\/a> | <a href=\"https:\/\/gepet.wordpress.com\/\">Portal<\/a><\/li>\n<li><a href=\"http:\/\/dgp.cnpq.br\/dgp\/espelhogrupo\/6105013119211157\">Grupo de Estudos e Pesquisas em Educa&ccedil;&atilde;o e Tecnologias (GET)<\/a><\/li>\n<li><a href=\"http:\/\/dgp.cnpq.br\/dgp\/espelhogrupo\/7432802004328265\">Grupo de Ci&ecirc;ncia e Tecnologia em Alimentos do Vale do S&atilde;o Francisco<\/a><\/li>\n<li><a href=\"http:\/\/dgp.cnpq.br\/dgp\/espelhogrupo\/5258905562264795\">Grupo de Pesquisa em Redes de Computadores, Otimiza&ccedil;&atilde;o e Automa&ccedil;&atilde;o<\/a><\/li>\n<li><a href=\"http:\/\/dgp.cnpq.br\/dgp\/espelhogrupo\/6608945281484881\">Laborat&oacute;rio de Intelig&ecirc;ncia Computacional do Araripe (LICA)<\/a><\/li>\n<li><a href=\"http:\/\/dgp.cnpq.br\/dgp\/espelhogrupo\/2662610622784303\">Laborat&oacute;rio de Pesquisa Tecnol&oacute;gica do Sert&atilde;o do Araripe (Laptesa)<\/a><\/li>\n<li><a href=\"http:\/\/dgp.cnpq.br\/dgp\/espelhogrupo\/245284\">Sert&atilde;o Filos&oacute;fico<\/a>&nbsp;| <a href=\"https:\/\/sertaofilosofico.wordpress.com\/\">Portal<\/a><\/li>\n<\/ul>\n<p><\/p><\/div>\n<p><a style=\"display:none;\" class=\"collapse-text\" id=\"te771537574\" href=\"javascript:expand('#te771537574')\">Quadro Docente<\/a>\n<\/p><div class=\"te_div\" id=\"te771537574\"><script language=\"JavaScript\" type=\"text\/javascript\">expander_hide('#te771537574');<\/script>\n<ul>\n<li>Francisco Kelsen de Oliveira (Coordenador) |&nbsp;<a href=\"mailto:francisco.oliveira@ifsertaope.edu.br\">francisco.oliveira@ifsertaope.edu.br<\/a> | <a href=\"http:\/\/lattes.cnpq.br\/9442744282313681\">Curr&iacute;culo Lattes<\/a> | <a href=\"https:\/\/www.google.com\/url?q=https%3A%2F%2Fwww.researchgate.net%2Fprofile%2FFrancisco_Oliveira22&amp;sa=D&amp;sntz=1&amp;usg=AFQjCNGQwJgRBXfcKHktUJ1q5LhVxhMsLA\">Researchgate<\/a> |<a href=\"https:\/\/www.google.com\/url?q=https%3A%2F%2Fifsertao-pe.academia.edu%2FKelsenOliveira&amp;sa=D&amp;sntz=1&amp;usg=AFQjCNFFNCbsw60QJ-fBCB9c_lbjQJZkmw\">Academia.Edu<\/a> | <a href=\"https:\/\/scholar.google.com.br\/citations?hl=pt-BR&amp;imq=Francisco+Kelsen+de+Oliveira&amp;user=ypSHSlwAAAAJ\">Google Acad&ecirc;mico<\/a> | <a href=\"http:\/\/www.google.com\/url?q=http%3A%2F%2Forcid.org%2F0000-0002-7382-3206&amp;sa=D&amp;sntz=1&amp;usg=AFQjCNEoOdD3cJZkv2xByLDkGUJx59vIKQ\">ORCID<\/a> | <a href=\"https:\/\/www.google.com\/url?q=https%3A%2F%2Fgepet.wordpress.com%2F&amp;sa=D&amp;sntz=1&amp;usg=AFQjCNEEgKUtSJxv-I3dGP4HqmdmAStBlg\">Grupo de Pesquisa<\/a><\/li>\n<li>Cristiane Ayala de Oliveira (Vice-coordenadora) |&nbsp;<a href=\"mailto:cristiane.ayala@ifsertao-pe.edu.br\">cristiane.ayala@ifsertao-pe.edu.br<\/a> | <a href=\"http:\/\/lattes.cnpq.br\/1053372024363935\">Curr&iacute;culo Lattes<\/a> | <a href=\"http:\/\/www.google.com\/url?q=http%3A%2F%2Fdgp.cnpq.br%2Fdgp%2Fespelhogrupo%2F5599701304189913&amp;sa=D&amp;sntz=1&amp;usg=AFQjCNEF8QHWXWeDMFdVEzt1lO0q9_vQvA\">Grupo de Pesquisa<\/a><\/li>\n<li>Andr&eacute; Ricardo Lucas Vieira |&nbsp;<a href=\"mailto:andre.ricardo@ifsertaope.edu.br\">andre.ricardo@ifsertaope.edu.br<\/a> | <a href=\"http:\/\/lattes.cnpq.br\/6446960779517782\">Curr&iacute;culo Lattes<\/a><\/li>\n<li>C&iacute;cero Barbosa Nunes |&nbsp;<a href=\"mailto:cicero.nunes@ifsertaope.edu.br\">cicero.nunes@ifsertaope.edu.br<\/a> | <a href=\"http:\/\/lattes.cnpq.br\/4224355781116225\">Curr&iacute;culo Lattes<\/a><\/li>\n<li>Erbs Cintra de Souza Gomes |&nbsp;<a href=\"mailto:erbs.cintra@ifsertao-pe.edu.br\">erbs.cintra@ifsertao-pe.edu.br<\/a> | <a href=\"http:\/\/lattes.cnpq.br\/8045156481727611\">Curr&iacute;culo Lattes<\/a><\/li>\n<li>Handherson Leyltton Costa Damasceno |&nbsp;<a href=\"mailto:handherson.damasceno@ifsertaope.edu.br\">handherson.damasceno@ifsertaope.edu.br<\/a> | <a href=\"http:\/\/lattes.cnpq.br\/0325248827574700\">Curr&iacute;culo Lattes<\/a><\/li>\n<li>Herlon Alves Bezerra |&nbsp;<a href=\"mailto:herlon.bezerra@ifsertao-pe.edu.br\">herlon.bezerra@ifsertao-pe.edu.br<\/a> | <a href=\"http:\/\/lattes.cnpq.br\/6888917847763055\">Curr&iacute;culo Lattes<\/a><\/li>\n<li>Jos&eacute; Aldo Camur&ccedil;a de Ara&uacute;jo Neto |&nbsp;<a href=\"mailto:jose.aldo@ifsertao-pe.edu.br\">jose.aldo@ifsertao-pe.edu.br<\/a> | <a href=\"http:\/\/lattes.cnpq.br\/5939216902537188\">Curr&iacute;culo Lattes<\/a><\/li>\n<li>K&eacute;lvya Freitas Abreu |&nbsp;<a href=\"mailto:kelvya.freitas@ifsertao-pe.edu.br\">kelvya.freitas@ifsertao-pe.edu.br<\/a> | <a href=\"http:\/\/lattes.cnpq.br\/8256713003295566\">Curr&iacute;culo Lattes<\/a><\/li>\n<li>Rafael Santos de Aquino |&nbsp;<a href=\"rafael.aquino@ifsertaope.edu.br\">rafael.aquino@ifsertaope.edu.br<\/a> | <a href=\"http:\/\/lattes.cnpq.br\/1347893734827167\">Curr&iacute;culo Lattes<\/a><\/li>\n<li>Ricardo de Andrade Ara&uacute;jo |&nbsp;<a href=\"mailto:ricardo.araujo@ifsertao-pe.edu.br\">ricardo.araujo@ifsertao-pe.edu.br<\/a> | <a href=\"http:\/\/lattes.cnpq.br\/9440014280856629\">Curr&iacute;culo Lattes<\/a><\/li>\n<\/ul>\n<p><\/p><\/div>\n<p><a style=\"display:none;\" class=\"collapse-text\" id=\"te650028308\" href=\"javascript:expand('#te650028308')\">Bancas<\/a>\n<\/p><div class=\"te_div\" id=\"te650028308\"><script language=\"JavaScript\" type=\"text\/javascript\">expander_hide('#te650028308');<\/script>\n<ul>\n<li><a href=\"https:\/\/docs.google.com\/document\/d\/1li7sx77EWQKkGNtMKEAEGCS1WPa_VDCTIyD_WHjhRV8\">Bancas de defesa<\/a><\/li>\n<li><a href=\"https:\/\/docs.google.com\/document\/d\/1MGTuYocRPF7bYYPrrAf6Mi1U-aNIRRSzZc82XbhrEoM\">Bancas de qualifica&ccedil;&atilde;o<\/a><\/li>\n<\/ul>\n<p><\/p><\/div>\n<p><a style=\"display:none;\" class=\"collapse-text\" id=\"te2003641472\" href=\"javascript:expand('#te2003641472')\">Documentos<\/a>\n<\/p><div class=\"te_div\" id=\"te2003641472\"><script language=\"JavaScript\" type=\"text\/javascript\">expander_hide('#te2003641472');<\/script>\n<p><strong>Atos regulat&oacute;rios e normativas<\/strong><\/p>\n<ul>\n<li><a href=\"\/documentos\/resolucao-n-o-17-2020\/\">Regulamento local<\/a><\/li>\n<li><a href=\"https:\/\/profept.ifes.edu.br\/images\/stories\/ProfEPT\/Turma_2018\/Regulamento\/Res_CS_22_2018_-_Regulamento.pdf\">Regulamento nacional<\/a>&nbsp;| <a href=\"https:\/\/profept.ifes.edu.br\/images\/stories\/ProfEPT\/Turma_2018\/Regulamento\/Anexo-ao-Regulamento-2019.pdf\">Anexo<\/a><\/li>\n<\/ul>\n<p><strong>Colegiado<\/strong><\/p>\n<ul>\n<li><a href=\"https:\/\/ifsertaope.edu.br\/salgueiro\/wp-content\/uploads\/sites\/5\/2026\/03\/Portaria-n.o-10232026.pdf\">Composi&ccedil;&atilde;o do Colegiado<\/a><\/li>\n<\/ul>\n<p><strong>Cronogramas<\/strong><\/p>\n<ul>\n<li><a href=\"https:\/\/ifsertaope.edu.br\/salgueiro\/wp-content\/uploads\/sites\/5\/2026\/03\/Agenda-da-turma-2026.pdf\">Turma 2026<\/a><\/li>\n<\/ul>\n<p><strong>Exame Nacional de Acesso (ENA)<\/strong><\/p>\n<ul>\n<li><a href=\"https:\/\/ifsertaope.edu.br\/salgueiro\/wp-content\/uploads\/sites\/5\/2026\/03\/Resultado-preliminar.pdf\">Resultado preliminar<\/a><\/li>\n<li><a href=\"https:\/\/ifsertaope.edu.br\/salgueiro\/wp-content\/uploads\/sites\/5\/2026\/03\/Resultado-de-recursos.pdf\">Resultado de recursos<\/a><\/li>\n<li><a href=\"https:\/\/ifsertaope.edu.br\/salgueiro\/wp-content\/uploads\/sites\/5\/2026\/03\/Convocacao-de-suplentes.pdf\">Convocac&#807;a&#771;o de suplentes<\/a><\/li>\n<li><a href=\"https:\/\/ifsertaope.edu.br\/salgueiro\/wp-content\/uploads\/sites\/5\/2026\/03\/Resultado-de-matriculas-de-suplentes.pdf\">Resultado de matri&#769;culas de suplentes<\/a><\/li>\n<\/ul>\n<p><strong>Modelos de documentos<\/strong><\/p>\n<ul>\n<li><a href=\"https:\/\/bit.ly\/atadefesaprofeptifsertaope\">Modelo de ata de defesa de disserta&ccedil;&atilde;o<\/a><\/li>\n<li><a href=\"https:\/\/bit.ly\/ataqualificacaoprofeptifsertaope\">Modelo de ata de qualifica&ccedil;&atilde;o de projeto de disserta&ccedil;&atilde;o<\/a><\/li>\n<li><a href=\"https:\/\/drive.google.com\/drive\/folders\/1xeG2gyF9VjbwMTW66zjnAbMFmZbL3846\">Modelo de disserta&ccedil;&atilde;o<\/a><\/li>\n<li><a href=\"https:\/\/bit.ly\/validapeprofept\">Modelo de ficha de valida&ccedil;&atilde;o de produto educacional<\/a><\/li>\n<\/ul>\n<p><\/p><\/div>\n\n    <ul class=\"crunchify-social\">\n        <li class=\"crunchify-social__item crunchify-social__item--first\"><span class=\"sr-only\">Compartilhar conte&uacute;do:<\/span><\/li>\n        <li class=\"crunchify-social__item\">\n            <a class=\"btn crunchify-social__link crunchify-social__link_facebook\" href=\"https:\/\/www.facebook.com\/sharer\/sharer.php?u=https%3A%2F%2Fifsertaope.edu.br%2Fsalgueiro%2Fcursos%2Fpos-graduacao%2Fprofept%2F\" target=\"_blank\" data-toggle=\"tooltip\" data-placement=\"bottom\" title=\"Compartilhe no Facebook\">\n                <svg aria-hidden=\"true\" role=\"img\" width=\"16\" height=\"16\" viewBox=\"0 0 24 24\" xmlns=\"http:\/\/www.w3.org\/2000\/svg\"><path d=\"M22.676 0H1.324C.593 0 0 .593 0 1.324v21.352C0 23.408.593 24 1.324 24h11.494v-9.294H9.689v-3.621h3.129V8.41c0-3.099 1.894-4.785 4.659-4.785 1.325 0 2.464.097 2.796.141v3.24h-1.921c-1.5 0-1.792.721-1.792 1.771v2.311h3.584l-.465 3.63H16.56V24h6.115c.733 0 1.325-.592 1.325-1.324V1.324C24 .593 23.408 0 22.676 0\"\/><\/svg>\n                <span class=\"sr-only\">Facebook<\/span>\n            <\/a>\n        <\/li>\n        <li class=\"crunchify-social__item\">\n            <a class=\"btn crunchify-social__link crunchify-social__link_twitter\" href=\"https:\/\/twitter.com\/intent\/tweet?text=Educa\u00e7\u00e3o%20Profissional%20e%20Tecnol\u00f3gica%20(ProfEPT)&amp;url=https%3A%2F%2Fifsertaope.edu.br%2Fsalgueiro%2Fcursos%2Fpos-graduacao%2Fprofept%2F\" target=\"_blank\" data-toggle=\"tooltip\" data-placement=\"bottom\" title=\"Compartilhe no Twitter\">\n                <svg aria-hidden=\"true\" role=\"img\" width=\"16\" height=\"16\" viewBox=\"0 0 24 24\" xmlns=\"http:\/\/www.w3.org\/2000\/svg\"><path d=\"M23.954 4.569c-.885.389-1.83.654-2.825.775 1.014-.611 1.794-1.574 2.163-2.723-.951.555-2.005.959-3.127 1.184-.896-.959-2.173-1.559-3.591-1.559-2.717 0-4.92 2.203-4.92 4.917 0 .39.045.765.127 1.124C7.691 8.094 4.066 6.13 1.64 3.161c-.427.722-.666 1.561-.666 2.475 0 1.71.87 3.213 2.188 4.096-.807-.026-1.566-.248-2.228-.616v.061c0 2.385 1.693 4.374 3.946 4.827-.413.111-.849.171-1.296.171-.314 0-.615-.03-.916-.086.631 1.953 2.445 3.377 4.604 3.417-1.68 1.319-3.809 2.105-6.102 2.105-.39 0-.779-.023-1.17-.067 2.189 1.394 4.768 2.209 7.557 2.209 9.054 0 13.999-7.496 13.999-13.986 0-.209 0-.42-.015-.63.961-.689 1.8-1.56 2.46-2.548l-.047-.02z\"\/><\/svg>\n                <span class=\"sr-only\">Twitter<\/span>\n            <\/a>\n        <\/li>\n        <li class=\"crunchify-social__item\">\n            <a class=\"btn crunchify-social__link crunchify-social__link_linkedin\" href=\"https:\/\/www.linkedin.com\/shareArticle?mini=true&url=https%3A%2F%2Fifsertaope.edu.br%2Fsalgueiro%2Fcursos%2Fpos-graduacao%2Fprofept%2F&amp;title=Educa\u00e7\u00e3o%20Profissional%20e%20Tecnol\u00f3gica%20(ProfEPT)\" target=\"_blank\" data-toggle=\"tooltip\" data-placement=\"bottom\" title=\"Compartilhe no Linkedin\">\n                <svg aria-hidden=\"true\" role=\"img\" width=\"16\" height=\"16\" viewBox=\"0 0 24 24\" xmlns=\"http:\/\/www.w3.org\/2000\/svg\"><path d=\"M20.447 20.452h-3.554v-5.569c0-1.328-.027-3.037-1.852-3.037-1.853 0-2.136 1.445-2.136 2.939v5.667H9.351V9h3.414v1.561h.046c.477-.9 1.637-1.85 3.37-1.85 3.601 0 4.267 2.37 4.267 5.455v6.286zM5.337 7.433c-1.144 0-2.063-.926-2.063-2.065 0-1.138.92-2.063 2.063-2.063 1.14 0 2.064.925 2.064 2.063 0 1.139-.925 2.065-2.064 2.065zm1.782 13.019H3.555V9h3.564v11.452zM22.225 0H1.771C.792 0 0 .774 0 1.729v20.542C0 23.227.792 24 1.771 24h20.451C23.2 24 24 23.227 24 22.271V1.729C24 .774 23.2 0 22.222 0h.003z\"\/><\/svg>\n                <span class=\"sr-only\">LinkedIn<\/span>\n            <\/a>\n        <\/li>\n        <li class=\"crunchify-social__item\">\n            <a class=\"btn crunchify-social__link crunchify-social__link_pinterest\" href=\"https:\/\/pinterest.com\/pin\/create\/button\/?url=https%3A%2F%2Fifsertaope.edu.br%2Fsalgueiro%2Fcursos%2Fpos-graduacao%2Fprofept%2F&amp;media=&amp;description=Educa\u00e7\u00e3o%20Profissional%20e%20Tecnol\u00f3gica%20(ProfEPT)\" data-pin-custom=\"true\" target=\"_blank\" data-toggle=\"tooltip\" data-placement=\"bottom\" title=\"Compartilhe no Pinterest\">\n                <svg aria-hidden=\"true\" role=\"img\" width=\"16\" height=\"16\" viewBox=\"0 0 24 24\" xmlns=\"http:\/\/www.w3.org\/2000\/svg\"><path d=\"M12.017 0C5.396 0 .029 5.367.029 11.987c0 5.079 3.158 9.417 7.618 11.162-.105-.949-.199-2.403.041-3.439.219-.937 1.406-5.957 1.406-5.957s-.359-.72-.359-1.781c0-1.663.967-2.911 2.168-2.911 1.024 0 1.518.769 1.518 1.688 0 1.029-.653 2.567-.992 3.992-.285 1.193.6 2.165 1.775 2.165 2.128 0 3.768-2.245 3.768-5.487 0-2.861-2.063-4.869-5.008-4.869-3.41 0-5.409 2.562-5.409 5.199 0 1.033.394 2.143.889 2.741.099.12.112.225.085.345-.09.375-.293 1.199-.334 1.363-.053.225-.172.271-.401.165-1.495-.69-2.433-2.878-2.433-4.646 0-3.776 2.748-7.252 7.92-7.252 4.158 0 7.392 2.967 7.392 6.923 0 4.135-2.607 7.462-6.233 7.462-1.214 0-2.354-.629-2.758-1.379l-.749 2.848c-.269 1.045-1.004 2.352-1.498 3.146 1.123.345 2.306.535 3.55.535 6.607 0 11.985-5.365 11.985-11.987C23.97 5.39 18.592.026 11.985.026L12.017 0z\"\/><\/svg>\n                <span class=\"sr-only\">Pinterest<\/span>\n            <\/a>\n        <\/li>\n        <li class=\"crunchify-social__item\">\n            <a class=\"btn crunchify-social__link crunchify-social__link_whatsapp\" href=\"whatsapp:\/\/send?text=Educa\u00e7\u00e3o%20Profissional%20e%20Tecnol\u00f3gica%20(ProfEPT) https%3A%2F%2Fifsertaope.edu.br%2Fsalgueiro%2Fcursos%2Fpos-graduacao%2Fprofept%2F\" target=\"_blank\" data-toggle=\"tooltip\" data-placement=\"bottom\" title=\"Compartilhe no WhatsApp\">\n                <svg aria-hidden=\"true\" role=\"img\" width=\"16\" height=\"16\" viewBox=\"0 0 24 24\" xmlns=\"http:\/\/www.w3.org\/2000\/svg\"><path d=\"M17.498 14.382c-.301-.15-1.767-.867-2.04-.966-.273-.101-.473-.15-.673.15-.197.295-.771.964-.944 1.162-.175.195-.349.21-.646.075-.3-.15-1.263-.465-2.403-1.485-.888-.795-1.484-1.77-1.66-2.07-.174-.3-.019-.465.13-.615.136-.135.301-.345.451-.523.146-.181.194-.301.297-.496.1-.21.049-.375-.025-.524-.075-.15-.672-1.62-.922-2.206-.24-.584-.487-.51-.672-.51-.172-.015-.371-.015-.571-.015-.2 0-.523.074-.797.359-.273.3-1.045 1.02-1.045 2.475s1.07 2.865 1.219 3.075c.149.195 2.105 3.195 5.1 4.485.714.3 1.27.48 1.704.629.714.227 1.365.195 1.88.121.574-.091 1.767-.721 2.016-1.426.255-.705.255-1.29.18-1.425-.074-.135-.27-.21-.57-.345m-5.446 7.443h-.016c-1.77 0-3.524-.48-5.055-1.38l-.36-.214-3.75.975 1.005-3.645-.239-.375c-.99-1.576-1.516-3.391-1.516-5.26 0-5.445 4.455-9.885 9.942-9.885 2.654 0 5.145 1.035 7.021 2.91 1.875 1.859 2.909 4.35 2.909 6.99-.004 5.444-4.46 9.885-9.935 9.885M20.52 3.449C18.24 1.245 15.24 0 12.045 0 5.463 0 .104 5.334.101 11.893c0 2.096.549 4.14 1.595 5.945L0 24l6.335-1.652c1.746.943 3.71 1.444 5.71 1.447h.006c6.585 0 11.946-5.336 11.949-11.896 0-3.176-1.24-6.165-3.495-8.411\"\/><\/svg>\n                <span class=\"sr-only\">WhatsApp<\/span>\n            <\/a>\n        <\/li>\n    <\/ul>\n","protected":false},"excerpt":{"rendered":"<p>Perfil O curso de p&oacute;s-gradua&ccedil;&atilde;o stricto sensu em Educa&ccedil;&atilde;o Profissional e Tecnol&oacute;gica em Rede Nacional (ProfEPT) destina-se a atender &agrave; necessidade de forma&ccedil;&atilde;o continuada, numa perspectiva interdisciplinar e em n&iacute;vel de mestrado, voltada para profissionais da Rede Federal de Educa&ccedil;&atilde;o Profissional e Tecnol&oacute;gica com vistas ao desenvolvimento de pesquisas que integrem os saberes pr&aacute;ticos inerentes ao mundo do trabalho ao&hellip;<\/p>\n","protected":false},"author":1,"featured_media":0,"parent":321,"menu_order":19,"comment_status":"closed","ping_status":"closed","template":"","meta":{"footnotes":""},"class_list":["post-341","page","type-page","status-publish","hentry"],"_links":{"self":[{"href":"https:\/\/ifsertaope.edu.br\/salgueiro\/wp-json\/wp\/v2\/pages\/341","targetHints":{"allow":["GET"]}}],"collection":[{"href":"https:\/\/ifsertaope.edu.br\/salgueiro\/wp-json\/wp\/v2\/pages"}],"about":[{"href":"https:\/\/ifsertaope.edu.br\/salgueiro\/wp-json\/wp\/v2\/types\/page"}],"author":[{"embeddable":true,"href":"https:\/\/ifsertaope.edu.br\/salgueiro\/wp-json\/wp\/v2\/users\/1"}],"replies":[{"embeddable":true,"href":"https:\/\/ifsertaope.edu.br\/salgueiro\/wp-json\/wp\/v2\/comments?post=341"}],"version-history":[{"count":59,"href":"https:\/\/ifsertaope.edu.br\/salgueiro\/wp-json\/wp\/v2\/pages\/341\/revisions"}],"predecessor-version":[{"id":3674,"href":"https:\/\/ifsertaope.edu.br\/salgueiro\/wp-json\/wp\/v2\/pages\/341\/revisions\/3674"}],"up":[{"embeddable":true,"href":"https:\/\/ifsertaope.edu.br\/salgueiro\/wp-json\/wp\/v2\/pages\/321"}],"wp:attachment":[{"href":"https:\/\/ifsertaope.edu.br\/salgueiro\/wp-json\/wp\/v2\/media?parent=341"}],"curies":[{"name":"wp","href":"https:\/\/api.w.org\/{rel}","templated":true}]}}