{"id":4061,"date":"2025-09-18T11:08:47","date_gmt":"2025-09-18T14:08:47","guid":{"rendered":"https:\/\/ifsertaope.edu.br\/zonarural\/?page_id=4061"},"modified":"2025-10-24T14:54:57","modified_gmt":"2025-10-24T17:54:57","slug":"historias-da-confederacao-do-equador","status":"publish","type":"page","link":"https:\/\/ifsertaope.edu.br\/zonarural\/historias-da-confederacao-do-equador\/","title":{"rendered":"Hist\u00f3rias da Confedera\u00e7\u00e3o do Equador: 200 Anos de Liberdade e Resist\u00eancia"},"content":{"rendered":"\n<p><strong>Descri&ccedil;&atilde;o e objetivos<\/strong><\/p>\n<ul>\n<li>Produzir conte&uacute;dos multim&iacute;dia acerca da Confedera&ccedil;&atilde;o do Equador, abordando as implica&ccedil;&otilde;es econ&ocirc;micas desse movimento hist&oacute;rico;<\/li>\n<li>Fomentar uma abordagem interdisciplinar do evento hist&oacute;rico da Confedera&ccedil;&atilde;o do Equador, possibilitando a interface com as disciplinas de hist&oacute;ria, sociologia, antropologia, filosofia, geografia e economia e ci&ecirc;ncia pol&iacute;tica.<\/li>\n<\/ul>\n<p><strong>Resultados<\/strong><\/p>\n<p>Produ&ccedil;&atilde;o dos seguintes materiais multim&iacute;dia did&aacute;ticos:<\/p>\n<p><a style=\"display:none;\" class=\"collapse-text\" id=\"te893285332\" href=\"javascript:expand('#te893285332')\">V&iacute;deos<\/a>\n<\/p><div class=\"te_div\" id=\"te893285332\"><script language=\"JavaScript\" type=\"text\/javascript\">expander_hide('#te893285332');<\/script>\n<ul>\n<li>V&iacute;deo 1 &ndash; Contexto Hist&oacute;rico 1<br>\n<a href=\"https:\/\/drive.google.com\/file\/d\/1qahhsrwxy10lWMr2aLlx3WsWvWmnbh6L\/view?usp=drive_li\">Sem legenda<\/a><br>\n<a href=\"https:\/\/drive.google.com\/file\/d\/1_eCQoMMbIrbv5ofEu08hBPNYQJ0eM0NI\/view?usp=drive_link\">Com legenda<\/a><\/li>\n<li>V&iacute;deo 2 &ndash; Frei Caneca<br>\n<a href=\"https:\/\/drive.google.com\/file\/d\/1FvWHoyoIYl7EUGEaDbbU-mLNpifYwpfB\/view?usp=drive_link\">Sem legenda<\/a><br>\n<a href=\"https:\/\/drive.google.com\/file\/d\/1KJuT36YTlKVt65de0VIQvZyZJB0wsowC\/view?usp=drive_link\">Com legenda<\/a><\/li>\n<li>V&iacute;deo 3 &ndash; Participa&ccedil;&atilde;o Ind&iacute;gena<br>\n<a href=\"https:\/\/drive.google.com\/file\/d\/10fQx0ria-wwd4HdUL-E9Mqo5WnD2pGo0\/view?usp=drive_link\">Sem legenda<\/a><br>\n<a href=\"https:\/\/drive.google.com\/file\/d\/1Es1unQAQpXV3EGFeRykswSXCBXOw8dUO\/view?usp=drive_link\">Com legenda<\/a><\/li>\n<li>V&iacute;deo 4 &ndash; Integra&ccedil;&atilde;o regional<br>\n<a href=\"https:\/\/drive.google.com\/file\/d\/1Khy5mtzCTstd2yumVzzwrHunSW8RkGYO\/view?usp=drive_link\">Sem legenda<\/a><br>\n<a href=\"https:\/\/drive.google.com\/file\/d\/1-KlKXIKf8oTZ1fFsJA7hOPkQvYspQpUv\/view?usp=drive_link\">Com legenda<\/a><\/li>\n<li>V&iacute;deo 5 &ndash; Cipriano e Manuel<br>\n<a href=\"https:\/\/drive.google.com\/file\/d\/1axT5hnXs6jCqvFRgr3qB5myFSfVxpgr5\/view?usp=drive_link\">Sem legenda<\/a><br>\n<a href=\"https:\/\/drive.google.com\/file\/d\/16v_5DKgDPOxe-PY-tM_E3OrlRNzrscus\/view?usp=drive_link\">Com legenda<\/a><\/li>\n<li>V&iacute;deo 6 &ndash; Abordagem filos&oacute;fica<br>\n<a href=\"https:\/\/drive.google.com\/file\/d\/1gDD8dlQ9svET1PIXIWP--n89uTQhKUJB\/view?usp=drive_link\">Sem legenda<\/a><br>\n<a href=\"https:\/\/drive.google.com\/file\/d\/1VOqw3xuu4YOI2ZhDBGzX9VWTb12eaB49\/view?usp=drive_link\">Com legenda<\/a><\/li>\n<li>V&iacute;deo 7 &ndash; Aspectos econ&ocirc;micos<br>\n<a href=\"https:\/\/drive.google.com\/file\/d\/1n0SsZEMe3QdfCvEMUGIwGT1nmDfVwLTh\/view?usp=drive_link\">Sem legenda<\/a><br>\n<a href=\"https:\/\/drive.google.com\/file\/d\/1HGd3vCfUmlNuZGspJxqr5LyYpdO2z35p\/view?usp=drive_link\">Com legenda<\/a><\/li>\n<li>V&iacute;deo 8 &ndash; Repress&atilde;o<br>\n<a href=\"https:\/\/drive.google.com\/file\/d\/1DOBo4bwu9E9k1AHorqc-B92XlUKjaiel\/view?usp=drive_link\">Sem legenda<\/a><br>\n<a href=\"https:\/\/drive.google.com\/file\/d\/12uXENk3bP6Wf1c7DliHtVKxN6QSJHBAg\/view?usp=drive_link\">Com legenda<\/a><\/li>\n<li>V&iacute;deo 9 &ndash; Contexto hist&oacute;rico 2<br>\n<a href=\"https:\/\/drive.google.com\/file\/d\/1eCCaK6tENGEaI8RNPnUSTtA9qpepzGqh\/view?usp=drive_link\">Sem legenda<\/a><br>\n<a href=\"https:\/\/drive.google.com\/file\/d\/139dByP6H_-qw-mqF3M3iuh1SnEthdwG1\/view?usp=drive_link\">Com legenda<\/a><\/li>\n<li>V&iacute;deo 10 &ndash; Legado e encerramento<br>\n<a href=\"https:\/\/drive.google.com\/file\/d\/10a7Pt2AoSn1jUKM-1cpf2SnDDgjlURkU\/view?usp=drive_link\">Sem legenda<\/a><br>\n<a href=\"https:\/\/drive.google.com\/file\/d\/1Tn5nCuGexeQYusc5u0IZkwHwbmz6Cikg\/view?usp=drive_link\">Com legenda<\/a><\/li>\n<\/ul>\n<p><\/p><\/div>\n<p><a style=\"display:none;\" class=\"collapse-text\" id=\"te128834295\" href=\"javascript:expand('#te128834295')\">PodCasts<\/a>\n<\/p><div class=\"te_div\" id=\"te128834295\"><script language=\"JavaScript\" type=\"text\/javascript\">expander_hide('#te128834295');<\/script>\n<ul>\n<li>PodCast 1 &ndash; <a href=\"https:\/\/drive.google.com\/file\/d\/16CE8eEYEBs6Iwzga-41IIfswbe4Kczdr\/view?usp=drive_link\">Epis&oacute;dio: 1824 em cena: Panorama pol&iacute;tico e regional<\/a><br>\nEspecialista convidado (&Aacute;rea: Hist&oacute;ria): Prof.Dr. <a href=\"https:\/\/buscatextual.cnpq.br\/buscatextual\/visualizacv.do?id=K4757117U5&amp;tokenCaptchar=0cAFcWeA6_Ejvogsi82l56rSQRdXzfAUYsZy_JR3CDUxwiJt9iw6yRNtxpcW5b6hWEUbXQzmzBJr2M6cAClt0GKtqrchHPoI4Hd_d8yRSMv-rTEPnqFyz2P3X3qloKSwrxlvf-xsoqMRJOsIrlTBBMVpd7IF-9-Ya78px4N87_n5ZMiILQ-t2w8e2pnx6lDINFjdBujb5Rc41yHhjJvTsGM6stEhjK4wXAl3GWdvaky6GdSuTKtr0EFgh_b7uKeUSIB7X-sFqloYnSzGS7-4UmyWZGwRe77z-gSVaC5oqHiQ41LvrYcjLwlfIOyq-TKmi8mW1j3ojS4wrAChuIiyTztWsNNH_A9ns7XhbTd2Pv7Y9uJUexhoZ-kvMIdDAsBsrVq2QG0Li1cKykVrTQGK3SBr7tn4iuBGbbMfrWT_ZwQktyFTerzvsaqMyZxmHDyRTiVR66spISRnFhV7gO2yr4bjdn5buSWTuqXCZMwvD-Pre-Fw1SaAkpo7GQrz37iIvAkXYRwTeiyR3FR4iGr9Xq-YFJ4NRHqS0y8v1gjMkVAFGNp7iUy5GrrGOyYdtSFbNBqE1N9ZribiAl_RBNR-mydn50maXilEAAi76lWHpIUTwWX2_Igs_o2HTGoSIeOSZsIUR18-XaibHKfDYoGUxcGAA26YzFDt2DZIofl5UUf5-i7cGRjx3W49hfk1Tkm-d4VE0ahtN9chtHbw1xwjxa3OnDImyGzIj-K2z8l7owxJvqR3XTv-NuzuwfoJ9TFK9uXKtPRkM8CVSs4vCOq1msX_qZ2gFg6ZvLvGtWbQOiw00g888YNGbkXfl61j_pIHxCU5w6e_n9AUUkoSeoMQG_ekrd-79pZSOt30Xc0Dhn1BufeZT9nQD2y-HY4OSwbNx2Qf5CE4Zy8XjK\">Bruno C&acirc;mara<\/a><\/li>\n<li>PodCast 2 &ndash; <a href=\"https:\/\/drive.google.com\/file\/d\/1RhYbnGu7vVFwVbIPvT1ymviqlT3MtjY9\/view?usp=drive_link\">Epis&oacute;dio: Taxas e tens&otilde;es: Conflitos econ&ocirc;micos e autonomia fiscal<\/a><br>\nEspecialista convidado (&Aacute;rea: Hist&oacute;ria): Prof. Dr. <a href=\"https:\/\/buscatextual.cnpq.br\/buscatextual\/visualizacv.do?id=K4768022J6&amp;tokenCaptchar=0cAFcWeA50b9nDjdwHuVCBNtnWy4InWW4fa4ucDCV1v3WcTZMSOEO9efh2VFsZhWjnMHCdq9LFGWY53tV9lNdMsCQU7TgCGM2rJTyK-HPTEzBMpbf1LuqBIhOs4l433jpmEhUkYma7gRAJyuF6BVhvBFWsLork--pgKvn18DU_frjj6JLuD-BZ89cuVxV2BCSM0vbmVWg4ICdNQjZkcdyjX_fmnAks1gl1snkr4eJUqcehOXlVbGEJ3u-3dkb19_9dU6an7ZHhuppBPNG4LrvqvQ5kxPom2bc2F4uSNFSUta8QDDAFlIdAMFxZ6wQDgjNntCwjmH8QlvRxaPKXygPaMiMW55vu6hHACS5HkwJcQmAmLxYLEzKUgbgPIpcxfxTKxFNkvZLOMFWr_H51OxVaXJBZF59xujPC9KV92BVXvW7GBpFADAajWWBlIqjmXgZ6r26FIhsI3nc_ffQ8fQaOCVCO804lTv98QaUqX933SAh-kOCG5xthRkUQILKoCky8o6N1wWyvciAjisRsoFWD7kHt25ULNGQDujeOCJAZ37AoxT3eAr07i8JAx-itXLdFbVirO60fXuSgdQ5R5jrBNkNOK85_PZ1L4nZ22lewozg7G_Q8XuhGG3-ySVPZ_NvVJ_7GhaiIFF6n6nxcOWYXpgdtvjZP5x11x6u6cErQHBC_6A3BEYIgXF88W9FcfCAMKYZyvWvRlP9HyEB20F-sRCl_pobwknRlns_5tkxd-KrlTFV0pgjZ2vqJD6rZlHimJLQ2ByBRHGWudYwKLy801mbj_TXxw-u4Tl7YQdmI2ji_No5Os5wQYtksEj_2roOkop-tklviR5klu1ksscLfflxRku8HsaTIBPEmjGzSCGacnovzZsHhFW4\">George Felix Cabral de Souza<\/a><\/li>\n<li>PodCast 3 &ndash; <a href=\"https:\/\/drive.google.com\/file\/d\/15QQtqi89XiePqVtxYuQkIPB2-RQvVvBa\/view?usp=drive_link\">Epis&oacute;dio: O povo em armas: Participa&ccedil;&atilde;o e desigualdade<\/a><br>\nEspecialista convidado (&Aacute;rea: Hist&oacute;ria): Prof.Dra. <a href=\"https:\/\/buscatextual.cnpq.br\/buscatextual\/visualizacv.do?id=K1795894Y7&amp;tokenCaptchar=0cAFcWeA7WgxZ1-C55vsKIpK0wXe3lmBDUjhRQ75RgS1NpnYiPLUcpl8mfG-ZGJG9Zd2m2uWK5GrvhW3dvwYJdoCKL5Bm0-Z3qSIP0vAMzt3z64sVI-rxbd8nUjNAZzE8Lmp4C8eihynfOoa5nQ0EdhQHCEimGeewYLtZWDJuxa8ecbKWWj30_L-EZhoZebjaR4Is8P9AJuGi1uCZt5bGm32-aYdZ8mBQ6UcAAsncE8U_m0GEGeBfNKKJOkdLEg23h7cDo1tQL6DI9IddCCbCw-bgaU7Cnrx_9jSkYYM8AH7dy3YG7gMWSyAHC17FhWg39luQEEWneFZjdUfQjonDVIRJFxcFulfG2kAHwNoc2s_edOzR46lCrd1It96aFOpOA083h2QsZLnrWH8j9q3XkkprdmaI1ZmQ_do1PgakyEIKvvRkDpV-SoEVN7ZqQLhq9xT4d4HYa3aJ7cg5h7A4qd05vw6IuMpypaP-E_-gL21kD85BDW2tZ4uI3VZpefzDE03NEN7MNvfK1O942gSqptR6GVk1ff-2-wtXMmXyhDrcdfOgah3zDc8wZJZGbOXIH0UmPtUnDmteS_FO-5g7NOmj8r4Z6AwbYD3uDjZD02DfuyibzzGpU1RAgyMhU0mWAuSRbguBoOuluQnM1xy8JXneY8hWJ3nySzUZHcZclQjoeUIs5Zn9OzqgzXOUxPtxlVVeacp0TtgWqB-GcGmbAsvk2Pd8oxagwM01VPOgfhaCLhpHFRnLgJfSS-iPdLNcayIQA4617hdKwT1fKNJdUdgqQaNF8WPRrNLYYvziJsqvU_4jg4fucjkcAqywTMCju3SpNccAa1UEBp54zGOTyIXvNZ-2VoOBl1vfkBnpLFfWaPK-efZiP0Fc\">Mariana Dantas<\/a><\/li>\n<li>PodCast 4 &ndash; <a href=\"https:\/\/drive.google.com\/file\/d\/1RGKmnGicvR0tEcZ3sze0BBdhAlpvbiTs\/view?usp=drive_link\">Epis&oacute;dio: O povo em armas: Participa&ccedil;&atilde;o ind&iacute;gena e o envolvimento do Cear&aacute;<\/a><br>\nEspecialista convidado (&Aacute;rea: Hist&oacute;ria): Prof. Dr. <a href=\"https:\/\/buscatextual.cnpq.br\/buscatextual\/visualizacv.do?id=K4212414A9&amp;tokenCaptchar=0cAFcWeA5ki89YaAsn2-CdHhXIwlqRu619zgR3tpuprWBzCYcrZhMtxoLY4XAprPCm_azEu7QKYgrreMfc9_z6mo3uzRphFbZj3NADyuALsUyTKIzg3PHpNNhfrImN-Mclkz1R-IK_1_675OxQcRJdBQE9eELWR645vRScnZXJdyxNt_nPNFbq2QQTmhqE_VpnG7KmzTjUFYRChfeXxz920wTYdAHzOzsDZ-YkqMZJ8uso0D-82xDiwi5b6VxU3PwGE_FLogHCKKLzXrTfzmoAFGvR0CMKgYq4durK-GiLLm3GSj6BOOTW_UOq0kUZfZ7fjAtre3RbNuEFtYSZFZo4t0m-8zGHG4yovkyxLsDAw8sItQKi6Jt-5PsBSBRxwnbVbpR7hcpbk5RJYpqI-oRyWCFt4-7dtcHMBzMhuefmnrlWAzCDM8aTwEWAaWOk269yf5m1fy33V0zh2y8QKZnArFE0kuXVQ2S-8LbU2BrvFpkpwMGzS7quRGvWdAzE2XTyxMO9IvJFh1wgKdwqR2BqeaVm8CNnQ1omM-AHZe6R2gH21NxmY9vF4nSEWNZaOT-ZsIjSQhqOl_rK1Ah4-_X612-BRVkGOzq8u-uUdc0KtUZC86cHSoAeZ6xj7U0TaBBry-4pcjzGaqhGuVdYCE3LwaWaiHp2VOoJTDG-GOzF7m2XXal106vue8WOB7KIC_BDwlySNY8n0ltip8dDdcMVRS-gojDHgJmJajA9w1hBCNBUWqbdaai3s5AL35y7UPM1WSuO7rh7B8QnpUVTyaGh-ZxnCRpNW3VZx7_sqaQsyP2Pz21pejSVHGECo45t6PNKr5gOpiu5GAl-6Xr4aKw_ANpQs88_0x63JCtguSHCWBF0jKFIBYAD8FM\">Jo&atilde;o Paulo Peixoto Costa<\/a><\/li>\n<li>PodCast 5 &ndash; <a href=\"https:\/\/drive.google.com\/file\/d\/1RNFdzHoKddE1fBXwspYjDqL48eP6D33P\/view?usp=drive_link\">Epis&oacute;dio: Filosofia em pauta: Ideais de Rep&uacute;blica, Liberdade e Identidade<\/a><br>\nEspecialista convidado (&Aacute;rea: Filosofia): Prof. Dr. <a href=\"https:\/\/buscatextual.cnpq.br\/buscatextual\/visualizacv.do?id=K4482468A1&amp;tokenCaptchar=0cAFcWeA75J_pMDMavW1r06aX9fmQuX1umICR5aBb2mcUxlDeHLV1QwgBqZoGLsSv15T-I5FsqX5r1IhFh7soWM-YKo4IDEGqAg-2-qE0vV541FEKhPcpT9vCkBbYEnCfP5RRA4OlYZNlaU-i23YDuMrT5n5P05yRgaz39pOdzRnxUU90Ous7Nd_ePHjTTyzE5q39i99Cf7Q8XjNjtgUmVhF_SwZCGdCeDppoZzI1hZF9pcrJpD57__bpTczCdcFpaotQUtek6C_Fu48d9HK9eaITZFK-88FoBPkj0xUuB2nnvblN13-RPJZzAx9G0lL8q2b7Ra7us0vimBu0wJy8kRQ7-lS9JtsjnoVjgq-Lu0YM6v6-9fB78z5tAQGdKgFokCGEM9TuWR8iJKK7uQzEyhXpP-fvmkTUNoZ86kKxHZPoB8h8raIMe9v1FuEhUxIuiaFv8XjgQzm-_ez0IaY9Fec-jT5Pv7H5jehb1SGO_DNgl4KBKkrBHDLg5mo5SetJdmIb6-GedHcksvE6N20E0OPlv-FJ2aNhEPm_dnozhomwcj4hFsb0HFN22YGnTRuKL_VcusgxxzCEDKREWR067HQDhZM3dBMwYa0s9EJ1jU5UM17DW1oBG1WLVZoV5lkIWx6uIhjb7mY-5icbU2utH3QutWt9LX1wsSCWxaStu4HlSOxmvMChlN5Xxog72freuYw1-kTpmmH1NOIbz8S5EhKBrRhtMh0_-kFChkXrC4y6BuqeioBmM-el0-gD-PG1u8WvO_2ymERDghae7-dQVfgccH4wIlnO1Pbza0YBe0K0VwdgH-rd-j9Yxv4TySkLUD23pjfD_-Vge43WQf1rIZdNT8w_3zOT2FdJit_ys1F6fAdehCzDGrhafxoOLqBuRxLO6y_RBKmPEmGKZKs4UfLL_gX6kocZTeg\">Gabriel Kafure da Rocha<\/a><\/li>\n<li>PodCast 6 &ndash; <a href=\"https:\/\/drive.google.com\/file\/d\/1beivYYjGywxsCo03dmFfAsMJvqzSkRq1\/view?usp=drive_link\">Epis&oacute;dio 6 &ndash; Legado e mem&oacute;ria: Li&ccedil;&otilde;es para o Pernambuco de hoje<\/a><br>\nEspecialista convidado (&Aacute;rea: Diplomacia e Hist&oacute;ria Social): Prof. Dr. <a href=\"https:\/\/buscatextual.cnpq.br\/buscatextual\/visualizacv.do?id=K4227424Z5&amp;tokenCaptchar=0cAFcWeA68uf9Z-So_MxDNBFREWlYb8nCrtd8hpgMcNaPX5K8pJIzYsvNFKZ0Hej8g9J9Ru0hFRzNdVpEGGlxmVkFg6GTld4u8YN5_kn5fFY7UGsjoco-KbQ5Niwx9QeAZaG0pc8SNahGr8FywYIoVTJTbVC873l5El1ZO59U6WncN5AbZ_iMgDDRd0npbiyXJgaOTfuj-7D8qinusl5s4OQP6m11f-53pgGPsKdYDHbNov3rFWjorQv-aeidzaU7oPmvj71zGcAybDW6yyOkKmeSnApA8ULT4tqEUb1VhJf0TZESKb_ZQ9l3C-FEeVIveYCv2oE2bM5erL0v0jEq4a0T_UKX2tpi5-vSINYsP-nAa_DMw4O0kOYD0LjuOOZ7dvaSUpbZX781xKxgIK36-S4j6Big0bQdZMQD-UXU69wtBRKNlu1LnlPOFKIHlrPC8T2QODZAUqo6_f5bZCJ3umEMQTIasT5VkdVc9sr9ps07INR8oRi2PSuJ3UEUEUNx0GkubT4R568GlJokR_mAtTvDt5x7tFgyttL43wfy8l0hfpoqyzM-k-cAPql_nmk_3eOY6SYwrb7PWkbwU_OJaT7nifPsNsjYjvCK4G6rI2gibqKdSEF3QZ4rIHnJNhVhIoNeVQW8jwOuuu6c_3AwEAtatWiy7YkRTMupG5WYRM6Su-QnsbyZW4Duecr_hnRA9oP9-qMrQIC-6fW_Sqahq_UzTa6q3nGD-QOuEQL-PaPagIZxoOFquFdiImEcQrpVgpQP40tDymyA32lNsNClZp8tdajddNmaIC23DedI6rJEdGhSj8dDkeCl9hi98lFM8bbrAnBfZvajQcysQhmcqDZH3cr-7S5Mm8o826Tli5RO1JvVfawxh6GR5Wx1QUK3GNB4N8quTZ3hM\">Andre Ricardo Heraclio do Rego<\/a><\/li>\n<li>PodCast 7 &ndash; <a href=\"https:\/\/drive.google.com\/file\/d\/1hh7STJJyYfaHSiFyELQmL6XGiy8EQsKC\/view?usp=drive_link\">Epis&oacute;dio 7 &ndash; O povo em armas: Participa&ccedil;&atilde;o e desigualdades<\/a><br>\nEspecialista convidado (&Aacute;rea: Sociologia): Prof. Dr. <a href=\"https:\/\/buscatextual.cnpq.br\/buscatextual\/visualizacv.do\">Rodolfo Rodrigo Santos Feitosa<\/a><\/li>\n<li>PodCast 8 &ndash; <a href=\"https:\/\/drive.google.com\/file\/d\/1ZYTHy9R1WKwKurVPr21T-saVf9CLjtwm\/view?usp=drive_link\">Epis&oacute;dio 8 &ndash; O povo em armas: Participa&ccedil;&atilde;o e desigualdades<\/a><br>\nEspecialista convidado (&Aacute;rea: Sociologia): Prof. Dr. <a href=\"https:\/\/buscatextual.cnpq.br\/buscatextual\/visualizacv.do\">Rodolfo Rodrigo Santos Feitosa<\/a><\/li>\n<\/ul>\n<p><\/p><\/div>\n<p><a href=\"https:\/\/ifsertaope.edu.br\/zonarural\/wp-content\/uploads\/sites\/7\/2025\/10\/Guia-Didatico-versao-beta.pdf\">Guia Did&aacute;tico (vers&atilde;o beta)<\/a><\/p>\n<p><strong>Integrantes<\/strong><\/p>\n<ul>\n<li>Coordenador &ndash;&nbsp; Prof. Dr. Rodolfo Rodrigo Santos Feitosa | <a href=\"mailto:rodolfo.feitosa@ifsertao-pe.edu.br\">rodolfo.feitosa@ifsertao-pe.edu.br<\/a>&nbsp;| (87) 99605-2026<\/li>\n<li>Bolsista &ndash; Guilherme Pereira Evangelista Alves<\/li>\n<li>Bolsista &ndash; Gabriella Torres Coelho<\/li>\n<\/ul>\n<p><strong>&Oacute;rg&atilde;o financiador e vig&ecirc;ncia<\/strong><\/p>\n<ul>\n<li><a href=\"https:\/\/www.facepe.br\/wp-content\/uploads\/2024\/10\/2024.10.03-Bicenten%C3%A1rio-Confedera%C3%A7%C3%A3o.pdf\">Edital Facepe n.&ordm; 28\/2024<\/a> (Fevereiro\/2025 &ndash; Agosto\/2025)<\/li>\n<\/ul>\n\n    <ul class=\"crunchify-social\">\n        <li class=\"crunchify-social__item crunchify-social__item--first\"><span class=\"sr-only\">Compartilhar conte&uacute;do:<\/span><\/li>\n        <li class=\"crunchify-social__item\">\n            <a class=\"btn crunchify-social__link crunchify-social__link_facebook\" href=\"https:\/\/www.facebook.com\/sharer\/sharer.php?u=https%3A%2F%2Fifsertaope.edu.br%2Fzonarural%2Fhistorias-da-confederacao-do-equador%2F\" target=\"_blank\" data-toggle=\"tooltip\" data-placement=\"bottom\" title=\"Compartilhe no Facebook\">\n                <svg aria-hidden=\"true\" role=\"img\" width=\"16\" height=\"16\" viewBox=\"0 0 24 24\" xmlns=\"http:\/\/www.w3.org\/2000\/svg\"><path d=\"M22.676 0H1.324C.593 0 0 .593 0 1.324v21.352C0 23.408.593 24 1.324 24h11.494v-9.294H9.689v-3.621h3.129V8.41c0-3.099 1.894-4.785 4.659-4.785 1.325 0 2.464.097 2.796.141v3.24h-1.921c-1.5 0-1.792.721-1.792 1.771v2.311h3.584l-.465 3.63H16.56V24h6.115c.733 0 1.325-.592 1.325-1.324V1.324C24 .593 23.408 0 22.676 0\"\/><\/svg>\n                <span class=\"sr-only\">Facebook<\/span>\n            <\/a>\n        <\/li>\n        <li class=\"crunchify-social__item\">\n            <a class=\"btn crunchify-social__link crunchify-social__link_twitter\" href=\"https:\/\/twitter.com\/intent\/tweet?text=Hist\u00f3rias%20da%20Confedera\u00e7\u00e3o%20do%20Equador:%20200%20Anos%20de%20Liberdade%20e%20Resist\u00eancia&amp;url=https%3A%2F%2Fifsertaope.edu.br%2Fzonarural%2Fhistorias-da-confederacao-do-equador%2F\" target=\"_blank\" data-toggle=\"tooltip\" data-placement=\"bottom\" title=\"Compartilhe no Twitter\">\n                <svg aria-hidden=\"true\" role=\"img\" width=\"16\" height=\"16\" viewBox=\"0 0 24 24\" xmlns=\"http:\/\/www.w3.org\/2000\/svg\"><path d=\"M23.954 4.569c-.885.389-1.83.654-2.825.775 1.014-.611 1.794-1.574 2.163-2.723-.951.555-2.005.959-3.127 1.184-.896-.959-2.173-1.559-3.591-1.559-2.717 0-4.92 2.203-4.92 4.917 0 .39.045.765.127 1.124C7.691 8.094 4.066 6.13 1.64 3.161c-.427.722-.666 1.561-.666 2.475 0 1.71.87 3.213 2.188 4.096-.807-.026-1.566-.248-2.228-.616v.061c0 2.385 1.693 4.374 3.946 4.827-.413.111-.849.171-1.296.171-.314 0-.615-.03-.916-.086.631 1.953 2.445 3.377 4.604 3.417-1.68 1.319-3.809 2.105-6.102 2.105-.39 0-.779-.023-1.17-.067 2.189 1.394 4.768 2.209 7.557 2.209 9.054 0 13.999-7.496 13.999-13.986 0-.209 0-.42-.015-.63.961-.689 1.8-1.56 2.46-2.548l-.047-.02z\"\/><\/svg>\n                <span class=\"sr-only\">Twitter<\/span>\n            <\/a>\n        <\/li>\n        <li class=\"crunchify-social__item\">\n            <a class=\"btn crunchify-social__link crunchify-social__link_linkedin\" href=\"https:\/\/www.linkedin.com\/shareArticle?mini=true&url=https%3A%2F%2Fifsertaope.edu.br%2Fzonarural%2Fhistorias-da-confederacao-do-equador%2F&amp;title=Hist\u00f3rias%20da%20Confedera\u00e7\u00e3o%20do%20Equador:%20200%20Anos%20de%20Liberdade%20e%20Resist\u00eancia\" target=\"_blank\" data-toggle=\"tooltip\" data-placement=\"bottom\" title=\"Compartilhe no Linkedin\">\n                <svg aria-hidden=\"true\" role=\"img\" width=\"16\" height=\"16\" viewBox=\"0 0 24 24\" xmlns=\"http:\/\/www.w3.org\/2000\/svg\"><path d=\"M20.447 20.452h-3.554v-5.569c0-1.328-.027-3.037-1.852-3.037-1.853 0-2.136 1.445-2.136 2.939v5.667H9.351V9h3.414v1.561h.046c.477-.9 1.637-1.85 3.37-1.85 3.601 0 4.267 2.37 4.267 5.455v6.286zM5.337 7.433c-1.144 0-2.063-.926-2.063-2.065 0-1.138.92-2.063 2.063-2.063 1.14 0 2.064.925 2.064 2.063 0 1.139-.925 2.065-2.064 2.065zm1.782 13.019H3.555V9h3.564v11.452zM22.225 0H1.771C.792 0 0 .774 0 1.729v20.542C0 23.227.792 24 1.771 24h20.451C23.2 24 24 23.227 24 22.271V1.729C24 .774 23.2 0 22.222 0h.003z\"\/><\/svg>\n                <span class=\"sr-only\">LinkedIn<\/span>\n            <\/a>\n        <\/li>\n        <li class=\"crunchify-social__item\">\n            <a class=\"btn crunchify-social__link crunchify-social__link_pinterest\" href=\"https:\/\/pinterest.com\/pin\/create\/button\/?url=https%3A%2F%2Fifsertaope.edu.br%2Fzonarural%2Fhistorias-da-confederacao-do-equador%2F&amp;media=&amp;description=Hist\u00f3rias%20da%20Confedera\u00e7\u00e3o%20do%20Equador:%20200%20Anos%20de%20Liberdade%20e%20Resist\u00eancia\" data-pin-custom=\"true\" target=\"_blank\" data-toggle=\"tooltip\" data-placement=\"bottom\" title=\"Compartilhe no Pinterest\">\n                <svg aria-hidden=\"true\" role=\"img\" width=\"16\" height=\"16\" viewBox=\"0 0 24 24\" xmlns=\"http:\/\/www.w3.org\/2000\/svg\"><path d=\"M12.017 0C5.396 0 .029 5.367.029 11.987c0 5.079 3.158 9.417 7.618 11.162-.105-.949-.199-2.403.041-3.439.219-.937 1.406-5.957 1.406-5.957s-.359-.72-.359-1.781c0-1.663.967-2.911 2.168-2.911 1.024 0 1.518.769 1.518 1.688 0 1.029-.653 2.567-.992 3.992-.285 1.193.6 2.165 1.775 2.165 2.128 0 3.768-2.245 3.768-5.487 0-2.861-2.063-4.869-5.008-4.869-3.41 0-5.409 2.562-5.409 5.199 0 1.033.394 2.143.889 2.741.099.12.112.225.085.345-.09.375-.293 1.199-.334 1.363-.053.225-.172.271-.401.165-1.495-.69-2.433-2.878-2.433-4.646 0-3.776 2.748-7.252 7.92-7.252 4.158 0 7.392 2.967 7.392 6.923 0 4.135-2.607 7.462-6.233 7.462-1.214 0-2.354-.629-2.758-1.379l-.749 2.848c-.269 1.045-1.004 2.352-1.498 3.146 1.123.345 2.306.535 3.55.535 6.607 0 11.985-5.365 11.985-11.987C23.97 5.39 18.592.026 11.985.026L12.017 0z\"\/><\/svg>\n                <span class=\"sr-only\">Pinterest<\/span>\n            <\/a>\n        <\/li>\n        <li class=\"crunchify-social__item\">\n            <a class=\"btn crunchify-social__link crunchify-social__link_whatsapp\" href=\"whatsapp:\/\/send?text=Hist\u00f3rias%20da%20Confedera\u00e7\u00e3o%20do%20Equador:%20200%20Anos%20de%20Liberdade%20e%20Resist\u00eancia https%3A%2F%2Fifsertaope.edu.br%2Fzonarural%2Fhistorias-da-confederacao-do-equador%2F\" target=\"_blank\" data-toggle=\"tooltip\" data-placement=\"bottom\" title=\"Compartilhe no WhatsApp\">\n                <svg aria-hidden=\"true\" role=\"img\" width=\"16\" height=\"16\" viewBox=\"0 0 24 24\" xmlns=\"http:\/\/www.w3.org\/2000\/svg\"><path d=\"M17.498 14.382c-.301-.15-1.767-.867-2.04-.966-.273-.101-.473-.15-.673.15-.197.295-.771.964-.944 1.162-.175.195-.349.21-.646.075-.3-.15-1.263-.465-2.403-1.485-.888-.795-1.484-1.77-1.66-2.07-.174-.3-.019-.465.13-.615.136-.135.301-.345.451-.523.146-.181.194-.301.297-.496.1-.21.049-.375-.025-.524-.075-.15-.672-1.62-.922-2.206-.24-.584-.487-.51-.672-.51-.172-.015-.371-.015-.571-.015-.2 0-.523.074-.797.359-.273.3-1.045 1.02-1.045 2.475s1.07 2.865 1.219 3.075c.149.195 2.105 3.195 5.1 4.485.714.3 1.27.48 1.704.629.714.227 1.365.195 1.88.121.574-.091 1.767-.721 2.016-1.426.255-.705.255-1.29.18-1.425-.074-.135-.27-.21-.57-.345m-5.446 7.443h-.016c-1.77 0-3.524-.48-5.055-1.38l-.36-.214-3.75.975 1.005-3.645-.239-.375c-.99-1.576-1.516-3.391-1.516-5.26 0-5.445 4.455-9.885 9.942-9.885 2.654 0 5.145 1.035 7.021 2.91 1.875 1.859 2.909 4.35 2.909 6.99-.004 5.444-4.46 9.885-9.935 9.885M20.52 3.449C18.24 1.245 15.24 0 12.045 0 5.463 0 .104 5.334.101 11.893c0 2.096.549 4.14 1.595 5.945L0 24l6.335-1.652c1.746.943 3.71 1.444 5.71 1.447h.006c6.585 0 11.946-5.336 11.949-11.896 0-3.176-1.24-6.165-3.495-8.411\"\/><\/svg>\n                <span class=\"sr-only\">WhatsApp<\/span>\n            <\/a>\n        <\/li>\n    <\/ul>\n","protected":false},"excerpt":{"rendered":"<p>Descri&ccedil;&atilde;o e objetivos Produzir conte&uacute;dos multim&iacute;dia acerca da Confedera&ccedil;&atilde;o do Equador, abordando as implica&ccedil;&otilde;es econ&ocirc;micas desse movimento hist&oacute;rico; Fomentar uma abordagem interdisciplinar do evento hist&oacute;rico da Confedera&ccedil;&atilde;o do Equador, possibilitando a interface com as disciplinas de hist&oacute;ria, sociologia, antropologia, filosofia, geografia e economia e ci&ecirc;ncia pol&iacute;tica. Resultados Produ&ccedil;&atilde;o dos seguintes materiais multim&iacute;dia did&aacute;ticos: V&iacute;deos V&iacute;deo 1 &ndash; Contexto Hist&oacute;rico 1&hellip;<\/p>\n","protected":false},"author":8,"featured_media":0,"parent":0,"menu_order":3,"comment_status":"closed","ping_status":"closed","template":"","meta":{"footnotes":""},"class_list":["post-4061","page","type-page","status-publish","hentry"],"_links":{"self":[{"href":"https:\/\/ifsertaope.edu.br\/zonarural\/wp-json\/wp\/v2\/pages\/4061","targetHints":{"allow":["GET"]}}],"collection":[{"href":"https:\/\/ifsertaope.edu.br\/zonarural\/wp-json\/wp\/v2\/pages"}],"about":[{"href":"https:\/\/ifsertaope.edu.br\/zonarural\/wp-json\/wp\/v2\/types\/page"}],"author":[{"embeddable":true,"href":"https:\/\/ifsertaope.edu.br\/zonarural\/wp-json\/wp\/v2\/users\/8"}],"replies":[{"embeddable":true,"href":"https:\/\/ifsertaope.edu.br\/zonarural\/wp-json\/wp\/v2\/comments?post=4061"}],"version-history":[{"count":18,"href":"https:\/\/ifsertaope.edu.br\/zonarural\/wp-json\/wp\/v2\/pages\/4061\/revisions"}],"predecessor-version":[{"id":4418,"href":"https:\/\/ifsertaope.edu.br\/zonarural\/wp-json\/wp\/v2\/pages\/4061\/revisions\/4418"}],"wp:attachment":[{"href":"https:\/\/ifsertaope.edu.br\/zonarural\/wp-json\/wp\/v2\/media?parent=4061"}],"curies":[{"name":"wp","href":"https:\/\/api.w.org\/{rel}","templated":true}]}}